{"id":48,"date":"2026-01-26T17:38:47","date_gmt":"2026-01-26T17:38:47","guid":{"rendered":"https:\/\/line-residence.com\/?page_id=48"},"modified":"2026-04-06T17:12:18","modified_gmt":"2026-04-06T17:12:18","slug":"about","status":"publish","type":"page","link":"https:\/\/line-residence.com\/fr\/about\/","title":{"rendered":"Best Guest House in Douala Cameroon &#8211; Line Residence"},"content":{"rendered":"<p>La Line Residence a \u00e9t\u00e9 fond\u00e9e avec une vision simple mais forte : offrir aux voyageurs de Douala une exp\u00e9rience d'h\u00e9bergement o\u00f9 ils se sentent comme chez eux, mais en mieux. Situ\u00e9e \u00e0 quelques minutes de Socaver Douala, nous avons eu \u00e0 c\u0153ur de cr\u00e9er des espaces alliant le confort moderne \u00e0 la chaleureuse hospitalit\u00e9 africaine.<\/p>\n\n\n\n<p>Mais ce qui nous distingue vraiment, c'est notre engagement sans faille \u00e0 offrir un service client exceptionnel. Nous sommes convaincus que la mani\u00e8re dont on traite les gens est essentielle, et cette philosophie guide toutes nos actions.<\/p>","protected":false},"excerpt":{"rendered":"<p>Line Residence was founded with a simple yet powerful vision: to provide travellers to Douala with an accommodation experience that feels like home, but better. Located minutes from Socaver Douala, we set out to create spaces that combine modern comfort with warm African hospitality. But what truly sets us apart is our unwavering commitment to [&hellip;]<\/p>\n","protected":false},"author":1,"featured_media":16,"parent":0,"menu_order":0,"comment_status":"closed","ping_status":"closed","template":"page-templates\/page-about.php","meta":{"footnotes":""},"class_list":["post-48","page","type-page","status-publish","has-post-thumbnail","hentry"],"_links":{"self":[{"href":"https:\/\/line-residence.com\/fr\/wp-json\/wp\/v2\/pages\/48","targetHints":{"allow":["GET"]}}],"collection":[{"href":"https:\/\/line-residence.com\/fr\/wp-json\/wp\/v2\/pages"}],"about":[{"href":"https:\/\/line-residence.com\/fr\/wp-json\/wp\/v2\/types\/page"}],"author":[{"embeddable":true,"href":"https:\/\/line-residence.com\/fr\/wp-json\/wp\/v2\/users\/1"}],"replies":[{"embeddable":true,"href":"https:\/\/line-residence.com\/fr\/wp-json\/wp\/v2\/comments?post=48"}],"version-history":[{"count":15,"href":"https:\/\/line-residence.com\/fr\/wp-json\/wp\/v2\/pages\/48\/revisions"}],"predecessor-version":[{"id":330,"href":"https:\/\/line-residence.com\/fr\/wp-json\/wp\/v2\/pages\/48\/revisions\/330"}],"wp:featuredmedia":[{"embeddable":true,"href":"https:\/\/line-residence.com\/fr\/wp-json\/wp\/v2\/media\/16"}],"wp:attachment":[{"href":"https:\/\/line-residence.com\/fr\/wp-json\/wp\/v2\/media?parent=48"}],"curies":[{"name":"wp","href":"https:\/\/api.w.org\/{rel}","templated":true}]}}