{"id":2,"date":"2026-01-26T16:43:30","date_gmt":"2026-01-26T16:43:30","guid":{"rendered":"https:\/\/line-residence.com\/?page_id=2"},"modified":"2026-04-02T06:00:12","modified_gmt":"2026-04-02T06:00:12","slug":"home","status":"publish","type":"page","link":"https:\/\/line-residence.com\/fr\/","title":{"rendered":"Furnished Apartments in Douala, Cameroon | Line Residence"},"content":{"rendered":"<h2 class=\"wp-block-heading\">Furnished Apartments in Douala<\/h2>\n\n\n\n<p>Spacious Furnished apartments in Douala \u2013 where warm hospitality meets affordable luxury. Whether you&#8217;re visiting family, here for work, or seeking medical care nearby, Line Residence is ready to welcome you home.<\/p>\n\n\n\n<p>\u00c0 propos de Line Residence<\/p>\n\n\n\n<h2 class=\"wp-block-heading\">Providing&nbsp;world-class&nbsp;hospitality&nbsp;with&nbsp;heart<\/h2>\n\n\n\n<p>Located in the heart of Douala, Line Residence offers premium short-term apartment rentals designed for comfort and convenience. Whether you&#8217;re visiting for business or leisure, our fully-furnished apartments provide everything you need.<\/p>\n\n\n\n<p>Ce qui nous distingue vraiment, c'est notre accueil chaleureux et notre engagement \u00e0 offrir un service client exceptionnel. De la r\u00e9servation jusqu'au jour de votre d\u00e9part, notre \u00e9quipe d\u00e9vou\u00e9e veille \u00e0 ce que votre s\u00e9jour soit tout simplement parfait.<\/p>\n\n\n\n<p><a href=\"https:\/\/line-residence.com\/fr\/about\/\" data-type=\"page\" data-id=\"48\">About us<\/a><\/p>","protected":false},"excerpt":{"rendered":"<p>Furnished Apartments in Douala Spacious Furnished apartments in Douala \u2013 where warm hospitality meets affordable luxury. Whether you&#8217;re visiting family, here for work, or seeking medical care nearby, Line Residence is ready to welcome you home. About Line Residence Providing&nbsp;world-class&nbsp;hospitality&nbsp;with&nbsp;heart Located in the heart of Douala, Line Residence offers premium short-term apartment rentals designed for [&hellip;]<\/p>\n","protected":false},"author":1,"featured_media":288,"parent":0,"menu_order":0,"comment_status":"closed","ping_status":"closed","template":"","meta":{"footnotes":""},"class_list":["post-2","page","type-page","status-publish","has-post-thumbnail","hentry"],"_links":{"self":[{"href":"https:\/\/line-residence.com\/fr\/wp-json\/wp\/v2\/pages\/2","targetHints":{"allow":["GET"]}}],"collection":[{"href":"https:\/\/line-residence.com\/fr\/wp-json\/wp\/v2\/pages"}],"about":[{"href":"https:\/\/line-residence.com\/fr\/wp-json\/wp\/v2\/types\/page"}],"author":[{"embeddable":true,"href":"https:\/\/line-residence.com\/fr\/wp-json\/wp\/v2\/users\/1"}],"replies":[{"embeddable":true,"href":"https:\/\/line-residence.com\/fr\/wp-json\/wp\/v2\/comments?post=2"}],"version-history":[{"count":5,"href":"https:\/\/line-residence.com\/fr\/wp-json\/wp\/v2\/pages\/2\/revisions"}],"predecessor-version":[{"id":322,"href":"https:\/\/line-residence.com\/fr\/wp-json\/wp\/v2\/pages\/2\/revisions\/322"}],"wp:featuredmedia":[{"embeddable":true,"href":"https:\/\/line-residence.com\/fr\/wp-json\/wp\/v2\/media\/288"}],"wp:attachment":[{"href":"https:\/\/line-residence.com\/fr\/wp-json\/wp\/v2\/media?parent=2"}],"curies":[{"name":"wp","href":"https:\/\/api.w.org\/{rel}","templated":true}]}}